{"id":26,"date":"2016-09-16T12:31:34","date_gmt":"2016-09-16T12:31:34","guid":{"rendered":"http:\/\/honour:8888\/?page_id=26"},"modified":"2019-03-09T20:11:05","modified_gmt":"2019-03-09T23:11:05","slug":"contato","status":"publish","type":"page","link":"https:\/\/renatofalci.com.br\/site\/contato\/","title":{"rendered":"Contato"},"content":{"rendered":"<p>[vc_row][vc_column][vc_single_image image=&#8221;1801&#8243; img_size=&#8221;830&#215;500&#8243;][\/vc_column][\/vc_row][vc_row overlay_dotted=&#8221;&#8221; css=&#8221;.vc_custom_1477323458177{margin: 0px !important;border-width: 0px !important;padding: 0px !important;background-color: #ffffff !important;}&#8221;][vc_column css=&#8221;.vc_custom_1477323499699{margin: 0px !important;border-width: 0px !important;padding: 0px !important;}&#8221;][vc_column_text css=&#8221;.vc_custom_1552173064083{padding-bottom: 10px !important;}&#8221;]Agendamento de consultas <a href=\"tel:\/\/01132853432\">(11) 3285-3432<\/a>, das 9h \u00e0s 12h00 e das 13h \u00e0s 18h00, dias \u00fateis.[\/vc_column_text]\n<div class=\"wpcf7 no-js\" id=\"wpcf7-f1720-o1\" lang=\"en-US\" dir=\"ltr\" data-wpcf7-id=\"1720\">\n<div class=\"screen-reader-response\"><p role=\"status\" aria-live=\"polite\" aria-atomic=\"true\"><\/p> <ul><\/ul><\/div>\n<form action=\"\/site\/wp-json\/wp\/v2\/pages\/26#wpcf7-f1720-o1\" method=\"post\" class=\"wpcf7-form init\" aria-label=\"Contact form\" novalidate=\"novalidate\" data-status=\"init\">\n<div style=\"display: none;\">\n<input type=\"hidden\" name=\"_wpcf7\" value=\"1720\" \/>\n<input type=\"hidden\" name=\"_wpcf7_version\" value=\"6.0.5\" \/>\n<input type=\"hidden\" name=\"_wpcf7_locale\" value=\"en_US\" \/>\n<input type=\"hidden\" name=\"_wpcf7_unit_tag\" value=\"wpcf7-f1720-o1\" \/>\n<input type=\"hidden\" name=\"_wpcf7_container_post\" value=\"0\" \/>\n<input type=\"hidden\" name=\"_wpcf7_posted_data_hash\" value=\"\" \/>\n<\/div>\n<p><label>Seu Nome*<\/label><span class=\"wpcf7-form-control-wrap\" data-name=\"your-name\"><input size=\"40\" maxlength=\"400\" class=\"wpcf7-form-control wpcf7-text wpcf7-validates-as-required\" aria-required=\"true\" aria-invalid=\"false\" value=\"\" type=\"text\" name=\"your-name\" \/><\/span>\n<\/p>\n<p><label>SeuEmail *<\/label><span class=\"wpcf7-form-control-wrap\" data-name=\"your-email\"><input size=\"40\" maxlength=\"400\" class=\"wpcf7-form-control wpcf7-email wpcf7-validates-as-required wpcf7-text wpcf7-validates-as-email\" aria-required=\"true\" aria-invalid=\"false\" value=\"\" type=\"email\" name=\"your-email\" \/><\/span>\n<\/p>\n<p><label>Assunto<\/label><span class=\"wpcf7-form-control-wrap\" data-name=\"text-128\"><input size=\"40\" maxlength=\"400\" class=\"wpcf7-form-control wpcf7-text\" aria-invalid=\"false\" value=\"\" type=\"text\" name=\"text-128\" \/><\/span>\n<\/p>\n<p><label>Mensagem<\/label><span class=\"wpcf7-form-control-wrap\" data-name=\"textarea-85\"><textarea cols=\"40\" rows=\"10\" maxlength=\"2000\" class=\"wpcf7-form-control wpcf7-textarea wpcf7-validates-as-required\" aria-required=\"true\" aria-invalid=\"false\" name=\"textarea-85\"><\/textarea><\/span>\n<\/p>\n<p><input class=\"wpcf7-form-control wpcf7-submit has-spinner\" type=\"submit\" value=\"Enviar\" \/>\n<\/p><p style=\"display: none !important;\" class=\"akismet-fields-container\" data-prefix=\"_wpcf7_ak_\"><label>&#916;<textarea name=\"_wpcf7_ak_hp_textarea\" cols=\"45\" rows=\"8\" maxlength=\"100\"><\/textarea><\/label><input type=\"hidden\" id=\"ak_js_1\" name=\"_wpcf7_ak_js\" value=\"27\"\/><script>document.getElementById( \"ak_js_1\" ).setAttribute( \"value\", ( new Date() ).getTime() );<\/script><\/p><div class=\"wpcf7-response-output\" aria-hidden=\"true\"><\/div>\n<\/form>\n<\/div>\n[\/vc_column][\/vc_row]<\/p>\n","protected":false},"excerpt":{"rendered":"<p>[vc_row][vc_column][vc_single_image image=&#8221;1801&#8243; img_size=&#8221;830&#215;500&#8243;][\/vc_column][\/vc_row][vc_row overlay_dotted=&#8221;&#8221; css=&#8221;.vc_custom_1477323458177{margin: 0px !important;border-width: 0px !important;padding: 0px !important;background-color: #ffffff !important;}&#8221;][vc_column css=&#8221;.vc_custom_1477323499699{margin: 0px !important;border-width: 0px !important;padding: 0px !important;}&#8221;][vc_column_text css=&#8221;.vc_custom_1552173064083{padding-bottom: 10px !important;}&#8221;]Agendamento de consultas (11) 3285-3432, das 9h \u00e0s 12h00 e das 13h \u00e0s 18h00, dias \u00fateis.[\/vc_column_text]<\/p>\n<p role=\"status\" aria-live=\"polite\" aria-atomic=\"true\">\n<p>Seu Nome*\n<\/p>\n<p>SeuEmail *\n<\/p>\n<p>Assunto\n<\/p>\n<p>Mensagem\n<\/p>\n<\/p>\n<p style=\"display: none !important;\" class=\"akismet-fields-container\" data-prefix=\"_wpcf7_ak_\">&#916;document.getElementById( &#8220;ak_js_2&#8221; ).setAttribute( &#8220;value&#8221;, ( new Date() ).getTime() );<\/p>\n<p>[\/vc_column][\/vc_row]<\/p>\n","protected":false},"author":1,"featured_media":0,"parent":0,"menu_order":0,"comment_status":"closed","ping_status":"closed","template":"","meta":{"footnotes":""},"class_list":["post-26","page","type-page","status-publish","hentry"],"_links":{"self":[{"href":"https:\/\/renatofalci.com.br\/site\/wp-json\/wp\/v2\/pages\/26","targetHints":{"allow":["GET"]}}],"collection":[{"href":"https:\/\/renatofalci.com.br\/site\/wp-json\/wp\/v2\/pages"}],"about":[{"href":"https:\/\/renatofalci.com.br\/site\/wp-json\/wp\/v2\/types\/page"}],"author":[{"embeddable":true,"href":"https:\/\/renatofalci.com.br\/site\/wp-json\/wp\/v2\/users\/1"}],"replies":[{"embeddable":true,"href":"https:\/\/renatofalci.com.br\/site\/wp-json\/wp\/v2\/comments?post=26"}],"version-history":[{"count":7,"href":"https:\/\/renatofalci.com.br\/site\/wp-json\/wp\/v2\/pages\/26\/revisions"}],"predecessor-version":[{"id":1807,"href":"https:\/\/renatofalci.com.br\/site\/wp-json\/wp\/v2\/pages\/26\/revisions\/1807"}],"wp:attachment":[{"href":"https:\/\/renatofalci.com.br\/site\/wp-json\/wp\/v2\/media?parent=26"}],"curies":[{"name":"wp","href":"https:\/\/api.w.org\/{rel}","templated":true}]}}